{"id":162,"date":"2022-11-26T09:01:55","date_gmt":"2022-11-26T09:01:55","guid":{"rendered":"https:\/\/fenos.devjfs.de\/fenos-ag-unternehmensprofil\/"},"modified":"2025-08-04T13:23:02","modified_gmt":"2025-08-04T13:23:02","slug":"fenos-ag-unternehmensprofil","status":"publish","type":"page","link":"https:\/\/fenos.de\/en\/fenos-ag-unternehmensprofil\/","title":{"rendered":"Fenos AG Unternehmensprofil"},"content":{"rendered":"<div class=\"et_pb_section_0 et_pb_section et_section_regular et_flex_section preset--module--divi-section--eeit2tjksb\">\n<div class=\"et_pb_row_0 et_pb_row et_flex_row\">\n<div class=\"et_pb_column_0 et_pb_column et-last-child et_flex_column et_pb_css_mix_blend_mode_passthrough et_flex_column_24_24 et_flex_column_24_24_tablet et_flex_column_24_24_phone\">\n<div class=\"et_pb_text_0 et_pb_text et_pb_bg_layout_light et_pb_module et_flex_module\"><div class=\"et_pb_text_inner\"><h1>Company Profile<\/h1>\n<\/div><\/div>\n<\/div>\n<\/div>\n<\/div>\n\n<div class=\"et_pb_section_1 et_pb_section et_section_regular et_block_section\">\n<div class=\"et_pb_row_1 et_pb_row et_block_row\">\n<div class=\"et_pb_column_1 et_pb_column et_pb_column_4_4 et-last-child et_block_column et_pb_css_mix_blend_mode_passthrough\">\n<div class=\"et_pb_text_1 et_pb_text et_pb_bg_layout_light et_pb_module et_flex_module\"><div class=\"et_pb_text_inner\"><p>Fenos AG is a well-established system house founded in 2015 that is active as a formulator of high-quality polyurethane systems (PUR) and hotmelt adhesives.<\/p>\n<p>With its headquarter in Freiberg am Neckar (north of Stuttgart) is Fenos AG is a young, dynamic and independent company that stands for innovative and sustainable solutions. Creative and unconventional approaches distinguish us and allow us to respond specifically to the requirements of our customers. The entire team, from production to development and application technology, has decades of experience in these areas. Therefore Fenos AG stands out due to a very profound know-how and close contact to its customers. We deliver reliably to customers all over the world, with a focus on Europe. Products manufactured with formulations from Fenos go into large-scale markets such as automotive, bus and rail, filter materials, upholstered furniture and mattresses, packaging or the sports and leisure sector.<\/p>\n<p>The great strength of Fenos AG lies in the individual formulation of PUR foam systems with variably adjustable end properties, for example for viscoelastic PUR foams, high resilience flexible foams, integral skin foams, semi-rigid foams, and rigid foams. The product portfolio also includes various flame-retarded PUR foams for the most stringent safety requirements. Our broad product range is ideally complemented by PUR casting systems and hotmelt adhesives. These are used, for example, in the manufacture of air filters or for bonding upholstered furniture, mattresses and shoes.<\/p>\n<p>Unsere Systeme k\u00f6nnen sehr schnell, pr\u00e4zise und prozesssicher eingestellt und gemeinsam mit dem Kunden weiterentwickelt bzw. optimiert werden. Von der Idee, \u00fcber die gemeinsame Projektbegleitung, bis hin zum Support nach Markteinf\u00fchrung - Wir stehen Ihnen als zuverl\u00e4ssiger Partner zur Seite. All dies erm\u00f6glicht es uns exakt auf die Bed\u00fcrfnisse unserer Kunden einzugehen und bringt Ihnen am Ende den entscheidenden Mehrwert.<\/p>\n<\/div><\/div>\n<\/div>\n<\/div>\n<\/div>","protected":false},"excerpt":{"rendered":"","protected":false},"author":2,"featured_media":0,"parent":0,"menu_order":3,"comment_status":"closed","ping_status":"closed","template":"","meta":{"footnotes":""},"class_list":["post-162","page","type-page","status-publish","hentry"],"_links":{"self":[{"href":"https:\/\/fenos.de\/en\/wp-json\/wp\/v2\/pages\/162","targetHints":{"allow":["GET"]}}],"collection":[{"href":"https:\/\/fenos.de\/en\/wp-json\/wp\/v2\/pages"}],"about":[{"href":"https:\/\/fenos.de\/en\/wp-json\/wp\/v2\/types\/page"}],"author":[{"embeddable":true,"href":"https:\/\/fenos.de\/en\/wp-json\/wp\/v2\/users\/2"}],"replies":[{"embeddable":true,"href":"https:\/\/fenos.de\/en\/wp-json\/wp\/v2\/comments?post=162"}],"version-history":[{"count":2,"href":"https:\/\/fenos.de\/en\/wp-json\/wp\/v2\/pages\/162\/revisions"}],"predecessor-version":[{"id":586,"href":"https:\/\/fenos.de\/en\/wp-json\/wp\/v2\/pages\/162\/revisions\/586"}],"wp:attachment":[{"href":"https:\/\/fenos.de\/en\/wp-json\/wp\/v2\/media?parent=162"}],"curies":[{"name":"wp","href":"https:\/\/api.w.org\/{rel}","templated":true}]}}